{"id":11,"date":"2025-02-04T11:56:40","date_gmt":"2025-02-04T11:56:40","guid":{"rendered":"https:\/\/digitalsecurity-dz.com\/geodata\/about\/"},"modified":"2026-02-08T13:26:19","modified_gmt":"2026-02-08T13:26:19","slug":"a-propos","status":"publish","type":"page","link":"https:\/\/digitalsecurity-dz.com\/geodata\/a-propos\/","title":{"rendered":"A propos"},"content":{"rendered":"\t\t<div data-elementor-type=\"wp-page\" data-elementor-id=\"11\" class=\"elementor elementor-11\" data-elementor-post-type=\"page\">\n\t\t\t\t\t\t<section class=\"elementor-section elementor-top-section elementor-element elementor-element-47eed19 elementor-section-full_width elementor-section-height-default elementor-section-height-default\" data-id=\"47eed19\" data-element_type=\"section\" data-e-type=\"section\">\n\t\t\t\t\t\t<div class=\"elementor-container elementor-column-gap-no\">\n\t\t\t\t\t<div class=\"elementor-column elementor-col-100 elementor-top-column elementor-element elementor-element-db865c4\" data-id=\"db865c4\" data-element_type=\"column\" data-e-type=\"column\">\n\t\t\t<div class=\"elementor-widget-wrap\">\n\t\t\t\t\t\t\t<\/div>\n\t\t<\/div>\n\t\t\t\t\t<\/div>\n\t\t<\/section>\n\t\t<div class=\"elementor-element elementor-element-f77cd44 e-flex e-con-boxed e-con e-parent\" data-id=\"f77cd44\" data-element_type=\"container\" data-e-type=\"container\">\n\t\t\t\t\t<div class=\"e-con-inner\">\n\t\t\t\t<div class=\"elementor-element elementor-element-0637682 elementor-widget elementor-widget-spacer\" data-id=\"0637682\" data-element_type=\"widget\" data-e-type=\"widget\" data-widget_type=\"spacer.default\">\n\t\t\t\t<div class=\"elementor-widget-container\">\n\t\t\t\t\t\t\t<div class=\"elementor-spacer\">\n\t\t\t<div class=\"elementor-spacer-inner\"><\/div>\n\t\t<\/div>\n\t\t\t\t\t\t<\/div>\n\t\t\t\t<\/div>\n\t\t\t\t\t<\/div>\n\t\t\t\t<\/div>\n\t\t<div class=\"elementor-element elementor-element-0cb1da8 e-flex e-con-boxed e-con e-parent\" data-id=\"0cb1da8\" data-element_type=\"container\" data-e-type=\"container\" data-settings=\"{&quot;background_background&quot;:&quot;classic&quot;}\">\n\t\t\t\t\t<div class=\"e-con-inner\">\n\t\t\t\t<div class=\"elementor-element elementor-element-20f5411 elementor-widget elementor-widget-image-box\" data-id=\"20f5411\" data-element_type=\"widget\" data-e-type=\"widget\" data-widget_type=\"image-box.default\">\n\t\t\t\t<div class=\"elementor-widget-container\">\n\t\t\t\t\t<div class=\"elementor-image-box-wrapper\"><div class=\"elementor-image-box-content\"><h1 class=\"elementor-image-box-title\">\u00c0 propos <\/h1><\/div><\/div>\t\t\t\t<\/div>\n\t\t\t\t<\/div>\n\t\t\t\t\t<\/div>\n\t\t\t\t<\/div>\n\t\t<div class=\"elementor-element elementor-element-d76c5eb e-flex e-con-boxed e-con e-parent\" data-id=\"d76c5eb\" data-element_type=\"container\" data-e-type=\"container\">\n\t\t\t\t\t<div class=\"e-con-inner\">\n\t\t\t\t<div class=\"elementor-element elementor-element-88ff23e elementor-widget elementor-widget-spacer\" data-id=\"88ff23e\" data-element_type=\"widget\" data-e-type=\"widget\" data-widget_type=\"spacer.default\">\n\t\t\t\t<div class=\"elementor-widget-container\">\n\t\t\t\t\t\t\t<div class=\"elementor-spacer\">\n\t\t\t<div class=\"elementor-spacer-inner\"><\/div>\n\t\t<\/div>\n\t\t\t\t\t\t<\/div>\n\t\t\t\t<\/div>\n\t\t\t\t\t<\/div>\n\t\t\t\t<\/div>\n\t\t<div class=\"elementor-element elementor-element-7364991 e-flex e-con-boxed e-con e-parent\" data-id=\"7364991\" data-element_type=\"container\" data-e-type=\"container\">\n\t\t\t\t\t<div class=\"e-con-inner\">\n\t\t<div class=\"elementor-element elementor-element-4039a5a e-con-full e-flex e-con e-child\" data-id=\"4039a5a\" data-element_type=\"container\" data-e-type=\"container\">\n\t\t\t\t<div class=\"elementor-element elementor-element-ce5fa7e elementor-widget elementor-widget-spacer\" data-id=\"ce5fa7e\" data-element_type=\"widget\" data-e-type=\"widget\" data-widget_type=\"spacer.default\">\n\t\t\t\t<div class=\"elementor-widget-container\">\n\t\t\t\t\t\t\t<div class=\"elementor-spacer\">\n\t\t\t<div class=\"elementor-spacer-inner\"><\/div>\n\t\t<\/div>\n\t\t\t\t\t\t<\/div>\n\t\t\t\t<\/div>\n\t\t\t\t<div class=\"elementor-element elementor-element-ee31f14 elementor-widget elementor-widget-text-editor\" data-id=\"ee31f14\" data-element_type=\"widget\" data-e-type=\"widget\" data-widget_type=\"text-editor.default\">\n\t\t\t\t<div class=\"elementor-widget-container\">\n\t\t\t\t\t\t\t\t\t<h4><span style=\"font-weight: 400;\">IHAMOUCHEN Meriem Izira Miname est la fondatrice de G\u00e9odatabase 84 et de Data Sol, ing\u00e9nieure en g\u00e9otechnique passionn\u00e9e par le monde du sol, du territoire et de l\u2019innovation. Gr\u00e2ce \u00e0 une formation pluridisciplinaire qui combine g\u00e9otechnique \ud83c\udfd7, syst\u00e8mes d\u2019information g\u00e9ographique (SIG)\ud83d\uddfa, BTP, architecture\ud83c\udfe0 et design d\u2019int\u00e9rieur, am\u00e9nagement urbain et g\u00e9ographie, elle d\u00e9veloppe une vision globale de la gestion et de la transformation des espaces. Curieuse et engag\u00e9e, elle consacre une grande partie de sa carri\u00e8re \u00e0 l\u2019\u00e9tude des risques environnementaux et g\u00e9ologiques\u26f0\ufe0f, en explorant des solutions intelligentes pour l\u2019analyse, la pr\u00e9vision et la gestion durable des territoires. Anim\u00e9e par l\u2019entrepreneuriat et la volont\u00e9 d\u2019apporter un impact positif, elle met son expertise au service de projets innovants, inclusifs et tourn\u00e9s vers l\u2019avenir.<\/span><\/h4>\t\t\t\t\t\t\t\t<\/div>\n\t\t\t\t<\/div>\n\t\t\t\t<\/div>\n\t\t<div class=\"elementor-element elementor-element-ea3c2fb e-con-full e-flex e-con e-child\" data-id=\"ea3c2fb\" data-element_type=\"container\" data-e-type=\"container\">\n\t\t\t\t<div class=\"elementor-element elementor-element-863cd13 elementor-widget elementor-widget-heading\" data-id=\"863cd13\" data-element_type=\"widget\" data-e-type=\"widget\" data-widget_type=\"heading.default\">\n\t\t\t\t<div class=\"elementor-widget-container\">\n\t\t\t\t\t<h2 class=\"elementor-heading-title elementor-size-default\">A propos de moi<\/h2>\t\t\t\t<\/div>\n\t\t\t\t<\/div>\n\t\t\t\t<div class=\"elementor-element elementor-element-49c593f elementor-widget elementor-widget-image\" data-id=\"49c593f\" data-element_type=\"widget\" data-e-type=\"widget\" data-widget_type=\"image.default\">\n\t\t\t\t<div class=\"elementor-widget-container\">\n\t\t\t\t\t\t\t\t\t\t\t\t\t\t\t<img fetchpriority=\"high\" decoding=\"async\" width=\"907\" height=\"1024\" src=\"https:\/\/digitalsecurity-dz.com\/geodata\/wp-content\/uploads\/2026\/02\/geodata-1-907x1024.jpg\" class=\"attachment-large size-large wp-image-1631\" alt=\"\" srcset=\"https:\/\/digitalsecurity-dz.com\/geodata\/wp-content\/uploads\/2026\/02\/geodata-1-907x1024.jpg 907w, https:\/\/digitalsecurity-dz.com\/geodata\/wp-content\/uploads\/2026\/02\/geodata-1-266x300.jpg 266w, https:\/\/digitalsecurity-dz.com\/geodata\/wp-content\/uploads\/2026\/02\/geodata-1-768x868.jpg 768w, https:\/\/digitalsecurity-dz.com\/geodata\/wp-content\/uploads\/2026\/02\/geodata-1-1360x1536.jpg 1360w, https:\/\/digitalsecurity-dz.com\/geodata\/wp-content\/uploads\/2026\/02\/geodata-1-1813x2048.jpg 1813w, https:\/\/digitalsecurity-dz.com\/geodata\/wp-content\/uploads\/2026\/02\/geodata-1-600x678.jpg 600w\" sizes=\"(max-width: 907px) 100vw, 907px\" \/>\t\t\t\t\t\t\t\t\t\t\t\t\t\t\t<\/div>\n\t\t\t\t<\/div>\n\t\t\t\t<\/div>\n\t\t\t\t\t<\/div>\n\t\t\t\t<\/div>\n\t\t<div class=\"elementor-element elementor-element-788c104 e-flex e-con-boxed e-con e-parent\" data-id=\"788c104\" data-element_type=\"container\" data-e-type=\"container\">\n\t\t\t\t\t<div class=\"e-con-inner\">\n\t\t<div class=\"elementor-element elementor-element-fe260b9 e-con-full e-flex e-con e-child\" data-id=\"fe260b9\" data-element_type=\"container\" data-e-type=\"container\">\n\t\t\t\t<div class=\"elementor-element elementor-element-0d8b051 elementor-widget elementor-widget-spacer\" data-id=\"0d8b051\" data-element_type=\"widget\" data-e-type=\"widget\" data-widget_type=\"spacer.default\">\n\t\t\t\t<div class=\"elementor-widget-container\">\n\t\t\t\t\t\t\t<div class=\"elementor-spacer\">\n\t\t\t<div class=\"elementor-spacer-inner\"><\/div>\n\t\t<\/div>\n\t\t\t\t\t\t<\/div>\n\t\t\t\t<\/div>\n\t\t\t\t<div class=\"elementor-element elementor-element-5d1a895 elementor-widget elementor-widget-text-editor\" data-id=\"5d1a895\" data-element_type=\"widget\" data-e-type=\"widget\" data-widget_type=\"text-editor.default\">\n\t\t\t\t<div class=\"elementor-widget-container\">\n\t\t\t\t\t\t\t\t\t<h4>G\u00e9o\u202fData\u202fBase\u202f84 est une plateforme collaborative d\u2019excellence d\u00e9di\u00e9e aux professionnels et \u00e9tudiants en g\u00e9osciences. Elle se distingue par quatre piliers strat\u00e9giques : Rigueur scientifique &amp; fiabilit\u00e9 \u2013 appuy\u00e9e par des donn\u00e9es valid\u00e9es et un cadre acad\u00e9mique solide. Technologie au service de la recherche \u2013 int\u00e9grant SIG avanc\u00e9s, mod\u00e9lisation 3D et gestion de bases de donn\u00e9es spatiales. Communaut\u00e9 &amp; \u00e9changes \u2013 forums, partages d\u2019\u00e9tudes et projets collaboratifs entre universit\u00e9s et experts. Formation &amp; ressources \u2013 tutoriels, webinaires et supports m\u00e9thodologiques pour renforcer les comp\u00e9tences en g\u00e9osciences.<\/h4>\t\t\t\t\t\t\t\t<\/div>\n\t\t\t\t<\/div>\n\t\t\t\t<\/div>\n\t\t<div class=\"elementor-element elementor-element-88ffd3b e-con-full e-flex e-con e-child\" data-id=\"88ffd3b\" data-element_type=\"container\" data-e-type=\"container\">\n\t\t\t\t<div class=\"elementor-element elementor-element-80d6cca elementor-widget elementor-widget-heading\" data-id=\"80d6cca\" data-element_type=\"widget\" data-e-type=\"widget\" data-widget_type=\"heading.default\">\n\t\t\t\t<div class=\"elementor-widget-container\">\n\t\t\t\t\t<h2 class=\"elementor-heading-title elementor-size-default\">A propos de Geodatabase84<\/h2>\t\t\t\t<\/div>\n\t\t\t\t<\/div>\n\t\t\t\t<div class=\"elementor-element elementor-element-72b3080 elementor-widget elementor-widget-video\" data-id=\"72b3080\" data-element_type=\"widget\" data-e-type=\"widget\" data-settings=\"{&quot;video_type&quot;:&quot;hosted&quot;,&quot;controls&quot;:&quot;yes&quot;}\" data-widget_type=\"video.default\">\n\t\t\t\t<div class=\"elementor-widget-container\">\n\t\t\t\t\t\t\t<div class=\"e-hosted-video elementor-wrapper elementor-open-inline\">\n\t\t\t\t\t<video class=\"elementor-video\" src=\"https:\/\/digitalsecurity-dz.com\/geodata\/wp-content\/uploads\/2026\/02\/geovideo.mp4\" controls=\"\" preload=\"metadata\" controlsList=\"nodownload\"><\/video>\n\t\t\t\t<\/div>\n\t\t\t\t\t\t<\/div>\n\t\t\t\t<\/div>\n\t\t\t\t<\/div>\n\t\t\t\t\t<\/div>\n\t\t\t\t<\/div>\n\t\t\t\t<\/div>\n\t\t","protected":false},"excerpt":{"rendered":"<p>\u00c0 propos IHAMOUCHEN Meriem Izira Miname est la fondatrice de G\u00e9odatabase 84 et de Data Sol, ing\u00e9nieure en g\u00e9otechnique passionn\u00e9e par le monde du sol, du territoire et de l\u2019innovation. Gr\u00e2ce \u00e0 une formation pluridisciplinaire qui combine g\u00e9otechnique \ud83c\udfd7, syst\u00e8mes d\u2019information g\u00e9ographique (SIG)\ud83d\uddfa, BTP, architecture\ud83c\udfe0 et design d\u2019int\u00e9rieur, am\u00e9nagement urbain et g\u00e9ographie, elle d\u00e9veloppe une [&hellip;]<\/p>\n","protected":false},"author":1,"featured_media":0,"parent":0,"menu_order":0,"comment_status":"closed","ping_status":"closed","template":"","meta":{"site-sidebar-layout":"no-sidebar","site-content-layout":"page-builder","ast-site-content-layout":"default","site-content-style":"default","site-sidebar-style":"default","ast-global-header-display":"","ast-banner-title-visibility":"","ast-main-header-display":"","ast-hfb-above-header-display":"","ast-hfb-below-header-display":"","ast-hfb-mobile-header-display":"","site-post-title":"disabled","ast-breadcrumbs-content":"","ast-featured-img":"disabled","footer-sml-layout":"","ast-disable-related-posts":"","theme-transparent-header-meta":"enabled","adv-header-id-meta":"","stick-header-meta":"","header-above-stick-meta":"","header-main-stick-meta":"","header-below-stick-meta":"","astra-migrate-meta-layouts":"default","ast-page-background-enabled":"default","ast-page-background-meta":{"desktop":{"background-color":"var(--ast-global-color-4)","background-image":"","background-repeat":"repeat","background-position":"center center","background-size":"auto","background-attachment":"scroll","background-type":"","background-media":"","overlay-type":"","overlay-color":"","overlay-opacity":"","overlay-gradient":""},"tablet":{"background-color":"","background-image":"","background-repeat":"repeat","background-position":"center center","background-size":"auto","background-attachment":"scroll","background-type":"","background-media":"","overlay-type":"","overlay-color":"","overlay-opacity":"","overlay-gradient":""},"mobile":{"background-color":"","background-image":"","background-repeat":"repeat","background-position":"center center","background-size":"auto","background-attachment":"scroll","background-type":"","background-media":"","overlay-type":"","overlay-color":"","overlay-opacity":"","overlay-gradient":""}},"ast-content-background-meta":{"desktop":{"background-color":"var(--ast-global-color-5)","background-image":"","background-repeat":"repeat","background-position":"center center","background-size":"auto","background-attachment":"scroll","background-type":"","background-media":"","overlay-type":"","overlay-color":"","overlay-opacity":"","overlay-gradient":""},"tablet":{"background-color":"var(--ast-global-color-5)","background-image":"","background-repeat":"repeat","background-position":"center center","background-size":"auto","background-attachment":"scroll","background-type":"","background-media":"","overlay-type":"","overlay-color":"","overlay-opacity":"","overlay-gradient":""},"mobile":{"background-color":"var(--ast-global-color-5)","background-image":"","background-repeat":"repeat","background-position":"center center","background-size":"auto","background-attachment":"scroll","background-type":"","background-media":"","overlay-type":"","overlay-color":"","overlay-opacity":"","overlay-gradient":""}},"footnotes":""},"class_list":["post-11","page","type-page","status-publish","hentry"],"_links":{"self":[{"href":"https:\/\/digitalsecurity-dz.com\/geodata\/wp-json\/wp\/v2\/pages\/11","targetHints":{"allow":["GET"]}}],"collection":[{"href":"https:\/\/digitalsecurity-dz.com\/geodata\/wp-json\/wp\/v2\/pages"}],"about":[{"href":"https:\/\/digitalsecurity-dz.com\/geodata\/wp-json\/wp\/v2\/types\/page"}],"author":[{"embeddable":true,"href":"https:\/\/digitalsecurity-dz.com\/geodata\/wp-json\/wp\/v2\/users\/1"}],"replies":[{"embeddable":true,"href":"https:\/\/digitalsecurity-dz.com\/geodata\/wp-json\/wp\/v2\/comments?post=11"}],"version-history":[{"count":52,"href":"https:\/\/digitalsecurity-dz.com\/geodata\/wp-json\/wp\/v2\/pages\/11\/revisions"}],"predecessor-version":[{"id":1641,"href":"https:\/\/digitalsecurity-dz.com\/geodata\/wp-json\/wp\/v2\/pages\/11\/revisions\/1641"}],"wp:attachment":[{"href":"https:\/\/digitalsecurity-dz.com\/geodata\/wp-json\/wp\/v2\/media?parent=11"}],"curies":[{"name":"wp","href":"https:\/\/api.w.org\/{rel}","templated":true}]}}