{"id":13,"date":"2025-02-04T11:56:40","date_gmt":"2025-02-04T11:56:40","guid":{"rendered":"https:\/\/digitalsecurity-dz.com\/geodata\/gallery\/"},"modified":"2025-10-15T08:39:53","modified_gmt":"2025-10-15T08:39:53","slug":"packages","status":"publish","type":"page","link":"https:\/\/digitalsecurity-dz.com\/geodata\/packages\/","title":{"rendered":"Packages"},"content":{"rendered":"\t\t<div data-elementor-type=\"wp-page\" data-elementor-id=\"13\" class=\"elementor elementor-13\" data-elementor-post-type=\"page\">\n\t\t\t\t<div class=\"elementor-element elementor-element-fd0a67a e-flex e-con-boxed e-con e-parent\" data-id=\"fd0a67a\" data-element_type=\"container\" data-e-type=\"container\">\n\t\t\t\t\t<div class=\"e-con-inner\">\n\t\t\t\t<div class=\"elementor-element elementor-element-9737d67 elementor-widget elementor-widget-spacer\" data-id=\"9737d67\" data-element_type=\"widget\" data-e-type=\"widget\" data-widget_type=\"spacer.default\">\n\t\t\t\t<div class=\"elementor-widget-container\">\n\t\t\t\t\t\t\t<div class=\"elementor-spacer\">\n\t\t\t<div class=\"elementor-spacer-inner\"><\/div>\n\t\t<\/div>\n\t\t\t\t\t\t<\/div>\n\t\t\t\t<\/div>\n\t\t\t\t\t<\/div>\n\t\t\t\t<\/div>\n\t\t<div class=\"elementor-element elementor-element-216517e e-flex e-con-boxed e-con e-parent\" data-id=\"216517e\" data-element_type=\"container\" data-e-type=\"container\" data-settings=\"{&quot;background_background&quot;:&quot;classic&quot;}\">\n\t\t\t\t\t<div class=\"e-con-inner\">\n\t\t\t\t<div class=\"elementor-element elementor-element-d925431 elementor-widget elementor-widget-heading\" data-id=\"d925431\" data-element_type=\"widget\" data-e-type=\"widget\" data-widget_type=\"heading.default\">\n\t\t\t\t<div class=\"elementor-widget-container\">\n\t\t\t\t\t<h2 class=\"elementor-heading-title elementor-size-default\">Packages<\/h2>\t\t\t\t<\/div>\n\t\t\t\t<\/div>\n\t\t\t\t\t<\/div>\n\t\t\t\t<\/div>\n\t\t\t\t<section class=\"elementor-section elementor-top-section elementor-element elementor-element-ed42b53 elementor-section-full_width elementor-section-height-default elementor-section-height-default\" data-id=\"ed42b53\" data-element_type=\"section\" data-e-type=\"section\">\n\t\t\t\t\t\t<div class=\"elementor-container elementor-column-gap-no\">\n\t\t\t\t\t<div class=\"elementor-column elementor-col-100 elementor-top-column elementor-element elementor-element-a0b2512\" data-id=\"a0b2512\" data-element_type=\"column\" data-e-type=\"column\">\n\t\t\t<div class=\"elementor-widget-wrap elementor-element-populated\">\n\t\t\t\t\t\t<div class=\"elementor-element elementor-element-0b15114 elementor-widget elementor-widget-text-editor\" data-id=\"0b15114\" data-element_type=\"widget\" data-e-type=\"widget\" data-widget_type=\"text-editor.default\">\n\t\t\t\t<div class=\"elementor-widget-container\">\n\t\t\t\t\t\t\t\t\t<h2 style=\"text-align: center;\"><span style=\"color: #000000;\"><strong>\ud83c\udf0d Bienvenue chez G\u00e9o Data Base 84<\/strong><\/span><\/h2><h4 style=\"text-align: center;\"><span style=\"font-weight: 400; color: #000000;\">D\u00e9couvrez nos packs exclusifs con\u00e7us pour accompagner \u00e9tudiants, professionnels et entreprises dans les domaines des g\u00e9osciences, du BTP, de l\u2019innovation, de la gestion des risques, de la protection de l\u2019environnement, et de l\u2019am\u00e9nagement urbain.<\/span><\/h4><h4 style=\"text-align: center;\"><span style=\"font-weight: 400; color: #000000;\">Acc\u00e9dez \u00e0 un \u00e9cosyst\u00e8me unique alliant formation, technologie et collaboration, et rejoignez une communaut\u00e9 engag\u00e9e pour un avenir plus r\u00e9silient, s\u00e9curis\u00e9 et intelligent.<\/span><\/h4>\t\t\t\t\t\t\t\t<\/div>\n\t\t\t\t<\/div>\n\t\t\t\t<div class=\"elementor-element elementor-element-9ffbff6 elementor-widget elementor-widget-shortcode\" data-id=\"9ffbff6\" data-element_type=\"widget\" data-e-type=\"widget\" data-widget_type=\"shortcode.default\">\n\t\t\t\t<div class=\"elementor-widget-container\">\n\t\t\t\t\t\t\t<div class=\"elementor-shortcode\">\n<div style=\"padding-top:64px;padding-right:16px;padding-bottom:64px;padding-left:16px;gap:16px\" class=\"wp-block-easy-pricing-tables-table ept4-table-8828feed0ad9 layout-2 matchRowHeight is-layout-flex wp-container-easy-pricing-tables-table-is-layout-bfbbbc10 wp-block-easy-pricing-tables-table-is-layout-flex\">\n<div class=\"wp-block-easy-pricing-tables-column ept4Template-2\" style=\"padding:42px 30px 30px 30px;background-color:#F2F2F2\"><div>\n<p class=\"wp-block-easy-pricing-tables-field easy-pricing-tables-field popularText has-text-color has-background\" style=\"color:#FFFFFF;background-color:#6236ff;font-size:11px;text-transform:uppercase\"><strong>Most Popular<\/strong><\/p>\n\n\n\n\n\n<p class=\"wp-block-easy-pricing-tables-field easy-pricing-tables-field planText has-ast-global-color-1-color has-text-color\" style=\"font-size:36px\"><strong>Etudiants<\/strong><\/p>\n\n\n\n<p class=\"wp-block-easy-pricing-tables-field easy-pricing-tables-field planSubText has-text-color\" style=\"color:#333333;font-size:14px\"><strong><em>Id\u00e9al pour : \u00c9tudiants (L1 \u2192 M2)<\/em><\/strong><\/p>\n\n\n\n<p class=\"wp-block-easy-pricing-tables-field easy-pricing-tables-field priceText has-ast-global-color-1-color has-text-color\" style=\"padding-top:16px;font-size:48px;font-style:normal;font-weight:400\">3 000 DA<\/p>\n\n\n\n<p class=\"wp-block-easy-pricing-tables-field easy-pricing-tables-field pricePeriod has-text-color\" style=\"color:#333333;padding-bottom:26px;font-size:14px\"><strong>Par mois<\/strong><br>\ud83c\udf93 1. Pack \u00c9tudiant \u2013 3 000 DA \/ mois<br>Id\u00e9al pour : \u00c9tudiants (L1 \u2192 M2)<br><br><strong>Objectif : <\/strong>Soutenir les \u00e9tudiants dans leur apprentissage, leur orientation et leur insertion professionnelle.<br><br><br><strong>Avantages\u00a0<\/strong><br>\u2022 Consultation et assistance personnalis\u00e9e (CV, orientation, stages).<br>\u2022 Participation aux salons, forums et \u00e9v\u00e9nements G\u00e9o Data Base 84.<br>\u2022 Acc\u00e8s aux mises \u00e0 jour et actualit\u00e9s du secteur.<br>\u2022 R\u00e9ductions sur les formations et webinaires certifi\u00e9s.<br>\u2022 Mise en relation avec ing\u00e9nieurs et chercheurs.<\/p>\n\n\n\n<div style=\"text-align:center\"><a href=\"mailto:geodatabase84@gmail.com\" rel=\"noopener\" class=\"wp-block-easy-pricing-tables-button easy-pricing-tables-button-8c0bf7e9d5eb8\" target=\"_blank\" style=\"border-radius:8px;padding:10px;font-size:16px;max-width:100%;color:#FFFFFF;background-color:var(--ast-global-color-1)\">Acheter<\/a><style>.wp-block-easy-pricing-tables-column .wp-block-easy-pricing-tables-button.easy-pricing-tables-button-8c0bf7e9d5eb8:hover { filter: grayscale(0.65); }<\/style><\/div>\n<\/div><\/div>\n\n\n\n<div class=\"wp-block-easy-pricing-tables-column is-style-featured ept4Template-2\" style=\"padding:42px 30px 30px 30px;background-color:#F2F2F2;border-color:var(--ast-global-color-1)\"><div>\n<p class=\"wp-block-easy-pricing-tables-field easy-pricing-tables-field popularText has-ast-global-color-1-background-color has-text-color has-background\" style=\"color:#FFFFFF;font-size:11px;text-transform:uppercase\"><strong>Le plus populaire<\/strong><\/p>\n\n\n\n\n\n<p class=\"wp-block-easy-pricing-tables-field easy-pricing-tables-field planText has-ast-global-color-1-color has-text-color\" style=\"font-size:36px\"><strong>Pro<\/strong><\/p>\n\n\n\n<p class=\"wp-block-easy-pricing-tables-field easy-pricing-tables-field planSubText has-text-color\" style=\"color:#333333;font-size:14px\"><strong><em>Jeunes ing\u00e9nieurs, chercheurs, enseignants, techniciens<\/em><\/strong><\/p>\n\n\n\n<p class=\"wp-block-easy-pricing-tables-field easy-pricing-tables-field priceText has-ast-global-color-1-color has-text-color\" style=\"padding-top:16px;font-size:48px;font-style:normal;font-weight:400\">5 000 DA<\/p>\n\n\n\n<p class=\"wp-block-easy-pricing-tables-field easy-pricing-tables-field pricePeriod has-text-color\" style=\"color:#333333;padding-bottom:26px;font-size:14px\"><strong>Par mois<\/strong><br>\ud83e\uddd1\u200d\ud83d\udcbc 2. Pack Professionnel \u2013 5 000 DA \/ mois<br>Id\u00e9al pour : Jeunes ing\u00e9nieurs, chercheurs, enseignants, techniciens<br><br><strong>Objectif : <\/strong>Accompagner le d\u00e9veloppement professionnel et la veille scientifique.<br><br><strong>Avantages :<\/strong><br>\u2022 Participation gratuite ou \u00e0 tarif r\u00e9duit aux webinaires et formations sp\u00e9cialis\u00e9es.<br><br>\u2022 Acc\u00e8s \u00e0 la base de donn\u00e9es des normes et essais g\u00e9otechniques.<br><br>\u2022 Possibilit\u00e9 de publier et partager ses travaux ou projets.<br>\u2022 Networking avec les membres et experts du domaine.<br>\u2022 Invitation prioritaire aux \u00e9v\u00e9nements et workshops techniques.<br>\u2022 Assistance technique et scientifique sur projet.<br><\/p>\n\n\n\n<div style=\"text-align:center\"><a href=\"mailto:geodatabase84@gmail.com\" rel=\"noopener\" class=\"wp-block-easy-pricing-tables-button easy-pricing-tables-button-2338dd183cc0a\" target=\"_self\" style=\"border-radius:8px;padding:10px;font-size:16px;max-width:100%;color:#FFFFFF;background-color:var(--ast-global-color-1)\">Acheter<\/a><style>.wp-block-easy-pricing-tables-column .wp-block-easy-pricing-tables-button.easy-pricing-tables-button-2338dd183cc0a:hover { filter: grayscale(0.65); }<\/style><\/div>\n<\/div><\/div>\n\n\n\n<div class=\"wp-block-easy-pricing-tables-column ept4Template-2\" style=\"padding:42px 30px 30px 30px;background-color:#F2F2F2\"><div>\n<p class=\"wp-block-easy-pricing-tables-field easy-pricing-tables-field popularText has-text-color has-background\" style=\"color:#FFFFFF;background-color:#6236ff;font-size:11px;text-transform:uppercase\"><strong>Most Popular<\/strong><\/p>\n\n\n\n\n\n<p class=\"wp-block-easy-pricing-tables-field easy-pricing-tables-field planText has-ast-global-color-1-color has-text-color\" style=\"font-size:36px\"><strong>Entreprise<\/strong><\/p>\n\n\n\n<p class=\"wp-block-easy-pricing-tables-field easy-pricing-tables-field planSubText has-text-color\" style=\"color:#333333;font-size:14px\"><strong><em>Bureaux d\u2019\u00e9tudes, laboratoires, institutions publiques et priv\u00e9es.<\/em><\/strong><\/p>\n\n\n\n<p class=\"wp-block-easy-pricing-tables-field easy-pricing-tables-field priceText has-ast-global-color-1-color has-text-color\" style=\"padding-top:16px;font-size:48px;font-style:normal;font-weight:400\">7 500 DA<\/p>\n\n\n\n<p class=\"wp-block-easy-pricing-tables-field easy-pricing-tables-field pricePeriod has-text-color\" style=\"color:#333333;padding-bottom:26px;font-size:14px\"><strong>Par mois<\/strong><br>\ud83c\udfe2 3. Pack Entreprise \u2013 7 500 DA \/ mois<br>Id\u00e9al pour : bureaux d\u2019\u00e9tudes, laboratoires, institutions publiques et priv\u00e9es.<br><br><strong>Objectif :<\/strong> Faciliter la digitalisation, la visibilit\u00e9 et la collaboration intersectorielle.<br><br><strong>Avantages :<\/strong><br>\u2022 Espace entreprise d\u00e9di\u00e9 sur la plateforme.<br>\u2022 Acc\u00e8s \u00e0 la base de donn\u00e9es G\u00e9oTech (cartes, projets, normes).<br>\u2022 Mise en avant dans le r\u00e9pertoire professionnel.<br>\u2022 Collaboration avec \u00e9tudiants, ing\u00e9nieurs et chercheurs.<br>\u2022 Possibilit\u00e9 de diffuser des offres d\u2019emploi et stages.<br>\u2022 Participation aux programmes de R&amp;D et d\u2019innovation.<br><\/p>\n\n\n\n<div style=\"text-align:center\"><a href=\"mailto:geodatabase84@gmail.com\" rel=\"noopener\" class=\"wp-block-easy-pricing-tables-button easy-pricing-tables-button-154e6b74fa2c2\" target=\"_self\" style=\"border-radius:8px;padding:10px;font-size:16px;max-width:100%;color:#FFFFFF;background-color:var(--ast-global-color-1)\">Acheter<\/a><style>.wp-block-easy-pricing-tables-column .wp-block-easy-pricing-tables-button.easy-pricing-tables-button-154e6b74fa2c2:hover { filter: grayscale(0.65); }<\/style><\/div>\n<\/div><\/div>\n\n\n\n<div class=\"wp-block-easy-pricing-tables-column ept4Template-2\" style=\"padding:42px 30px 30px 30px;background-color:#F2F2F2\"><div>\n<p class=\"wp-block-easy-pricing-tables-field easy-pricing-tables-field popularText has-text-color has-background\" style=\"color:#FFFFFF;background-color:#6236ff;font-size:11px;text-transform:uppercase\"><strong>Most Popular<\/strong><\/p>\n\n\n\n\n\n<p class=\"wp-block-easy-pricing-tables-field easy-pricing-tables-field planText has-ast-global-color-1-color has-text-color\" style=\"font-size:36px\"><strong>Premium<\/strong><\/p>\n\n\n\n<p class=\"wp-block-easy-pricing-tables-field easy-pricing-tables-field planSubText has-text-color\" style=\"color:#333333;font-size:14px\"><strong><em>Institutions, partenaires\u00a0<br>internationaux et projets strat\u00e9giques.<\/em><\/strong><\/p>\n\n\n\n<p class=\"wp-block-easy-pricing-tables-field easy-pricing-tables-field priceText has-ast-global-color-1-color has-text-color\" style=\"padding-top:16px;font-size:48px;font-style:normal;font-weight:400\">9 500 DA<\/p>\n\n\n\n<p class=\"wp-block-easy-pricing-tables-field easy-pricing-tables-field pricePeriod has-text-color\" style=\"color:#333333;padding-bottom:26px;font-size:14px\"><strong>Par moi<\/strong>s<br>\ud83c\udfe2 4. Pack Premium - 9 500 DA \/ Mois Id\u00e9al pour : Institutions, partenaires\u00a0<br>internationaux et projets strat\u00e9giques.<br><br><br><strong>Objectif : <\/strong>Soutenir la recherche, l\u2019innovation et la gestion des risques \u00e0 grande \u00e9chelle.<br><br><br><strong>Avantages :<\/strong><br>\u2022 Tous les b\u00e9n\u00e9fices du pack Entreprise.<br>\u2022 Acc\u00e8s anticip\u00e9 aux nouvelles fonctionnalit\u00e9s et prototypes.<br>\u2022 Accompagnement sur mesure pour projets R&amp;D et innovation.<br>\u2022 Branding et visibilit\u00e9 sur les supports de communication de G\u00e9o Data Base 84.<br>\u2022 Participation aux comit\u00e9s techniques et groupes de recherche.<br>\u2022 Possibilit\u00e9 de co-d\u00e9velopper des outils ou modules sp\u00e9cifiques.<br>\u2022 Priorit\u00e9 sur les collaborations internationales et appels \u00e0 projets.<\/p>\n\n\n\n<div style=\"text-align:center\"><a href=\"#\" rel=\"noopener\" class=\"wp-block-easy-pricing-tables-button easy-pricing-tables-button-8ab628cf29f438\" target=\"_self\" style=\"border-radius:8px;padding:10px;font-size:16px;max-width:100%;color:#FFFFFF;background-color:var(--ast-global-color-1)\">Acheter<\/a><style>.wp-block-easy-pricing-tables-column .wp-block-easy-pricing-tables-button.easy-pricing-tables-button-8ab628cf29f438:hover { filter: grayscale(0.65); }<\/style><\/div>\n<\/div><\/div>\n<style><\/style><style>div.ept4-table-8828feed0ad9 p, div.ept4-table-8828feed0ad9 a, div.ept4-table-8828feed0ad9 li { font-family: sans-serif !important};<\/style><\/div>\n<\/div>\n\t\t\t\t\t\t<\/div>\n\t\t\t\t<\/div>\n\t\t\t\t\t<\/div>\n\t\t<\/div>\n\t\t\t\t\t<\/div>\n\t\t<\/section>\n\t\t\t\t<\/div>\n\t\t","protected":false},"excerpt":{"rendered":"<p>Packages \ud83c\udf0d Bienvenue chez G\u00e9o Data Base 84 D\u00e9couvrez nos packs exclusifs con\u00e7us pour accompagner \u00e9tudiants, professionnels et entreprises dans les domaines des g\u00e9osciences, du BTP, de l\u2019innovation, de la gestion des risques, de la protection de l\u2019environnement, et de l\u2019am\u00e9nagement urbain. Acc\u00e9dez \u00e0 un \u00e9cosyst\u00e8me unique alliant formation, technologie et collaboration, et rejoignez une [&hellip;]<\/p>\n","protected":false},"author":1,"featured_media":0,"parent":0,"menu_order":0,"comment_status":"closed","ping_status":"closed","template":"","meta":{"site-sidebar-layout":"no-sidebar","site-content-layout":"page-builder","ast-site-content-layout":"default","site-content-style":"default","site-sidebar-style":"default","ast-global-header-display":"","ast-banner-title-visibility":"","ast-main-header-display":"","ast-hfb-above-header-display":"","ast-hfb-below-header-display":"","ast-hfb-mobile-header-display":"","site-post-title":"disabled","ast-breadcrumbs-content":"","ast-featured-img":"disabled","footer-sml-layout":"","ast-disable-related-posts":"","theme-transparent-header-meta":"enabled","adv-header-id-meta":"","stick-header-meta":"","header-above-stick-meta":"","header-main-stick-meta":"","header-below-stick-meta":"","astra-migrate-meta-layouts":"default","ast-page-background-enabled":"default","ast-page-background-meta":{"desktop":{"background-color":"var(--ast-global-color-4)","background-image":"","background-repeat":"repeat","background-position":"center center","background-size":"auto","background-attachment":"scroll","background-type":"","background-media":"","overlay-type":"","overlay-color":"","overlay-opacity":"","overlay-gradient":""},"tablet":{"background-color":"","background-image":"","background-repeat":"repeat","background-position":"center center","background-size":"auto","background-attachment":"scroll","background-type":"","background-media":"","overlay-type":"","overlay-color":"","overlay-opacity":"","overlay-gradient":""},"mobile":{"background-color":"","background-image":"","background-repeat":"repeat","background-position":"center center","background-size":"auto","background-attachment":"scroll","background-type":"","background-media":"","overlay-type":"","overlay-color":"","overlay-opacity":"","overlay-gradient":""}},"ast-content-background-meta":{"desktop":{"background-color":"var(--ast-global-color-5)","background-image":"","background-repeat":"repeat","background-position":"center center","background-size":"auto","background-attachment":"scroll","background-type":"","background-media":"","overlay-type":"","overlay-color":"","overlay-opacity":"","overlay-gradient":""},"tablet":{"background-color":"var(--ast-global-color-5)","background-image":"","background-repeat":"repeat","background-position":"center center","background-size":"auto","background-attachment":"scroll","background-type":"","background-media":"","overlay-type":"","overlay-color":"","overlay-opacity":"","overlay-gradient":""},"mobile":{"background-color":"var(--ast-global-color-5)","background-image":"","background-repeat":"repeat","background-position":"center center","background-size":"auto","background-attachment":"scroll","background-type":"","background-media":"","overlay-type":"","overlay-color":"","overlay-opacity":"","overlay-gradient":""}},"footnotes":""},"class_list":["post-13","page","type-page","status-publish","hentry"],"_links":{"self":[{"href":"https:\/\/digitalsecurity-dz.com\/geodata\/wp-json\/wp\/v2\/pages\/13","targetHints":{"allow":["GET"]}}],"collection":[{"href":"https:\/\/digitalsecurity-dz.com\/geodata\/wp-json\/wp\/v2\/pages"}],"about":[{"href":"https:\/\/digitalsecurity-dz.com\/geodata\/wp-json\/wp\/v2\/types\/page"}],"author":[{"embeddable":true,"href":"https:\/\/digitalsecurity-dz.com\/geodata\/wp-json\/wp\/v2\/users\/1"}],"replies":[{"embeddable":true,"href":"https:\/\/digitalsecurity-dz.com\/geodata\/wp-json\/wp\/v2\/comments?post=13"}],"version-history":[{"count":14,"href":"https:\/\/digitalsecurity-dz.com\/geodata\/wp-json\/wp\/v2\/pages\/13\/revisions"}],"predecessor-version":[{"id":1591,"href":"https:\/\/digitalsecurity-dz.com\/geodata\/wp-json\/wp\/v2\/pages\/13\/revisions\/1591"}],"wp:attachment":[{"href":"https:\/\/digitalsecurity-dz.com\/geodata\/wp-json\/wp\/v2\/media?parent=13"}],"curies":[{"name":"wp","href":"https:\/\/api.w.org\/{rel}","templated":true}]}}