{"id":15,"date":"2025-02-04T11:56:40","date_gmt":"2025-02-04T11:56:40","guid":{"rendered":"https:\/\/digitalsecurity-dz.com\/geodata\/contact\/"},"modified":"2025-11-27T10:28:23","modified_gmt":"2025-11-27T10:28:23","slug":"contact","status":"publish","type":"page","link":"https:\/\/digitalsecurity-dz.com\/geodata\/contact\/","title":{"rendered":"Contact"},"content":{"rendered":"\t\t<div data-elementor-type=\"wp-page\" data-elementor-id=\"15\" class=\"elementor elementor-15\" data-elementor-post-type=\"page\">\n\t\t\t\t<div class=\"elementor-element elementor-element-640b114 e-flex e-con-boxed e-con e-parent\" data-id=\"640b114\" data-element_type=\"container\" data-e-type=\"container\">\n\t\t\t\t\t<div class=\"e-con-inner\">\n\t\t\t\t<div class=\"elementor-element elementor-element-0f97f4b elementor-widget elementor-widget-spacer\" data-id=\"0f97f4b\" data-element_type=\"widget\" data-e-type=\"widget\" data-widget_type=\"spacer.default\">\n\t\t\t\t<div class=\"elementor-widget-container\">\n\t\t\t\t\t\t\t<div class=\"elementor-spacer\">\n\t\t\t<div class=\"elementor-spacer-inner\"><\/div>\n\t\t<\/div>\n\t\t\t\t\t\t<\/div>\n\t\t\t\t<\/div>\n\t\t\t\t\t<\/div>\n\t\t\t\t<\/div>\n\t\t<div class=\"elementor-element elementor-element-ac77e61 e-flex e-con-boxed e-con e-parent\" data-id=\"ac77e61\" data-element_type=\"container\" data-e-type=\"container\" data-settings=\"{&quot;background_background&quot;:&quot;classic&quot;}\">\n\t\t\t\t\t<div class=\"e-con-inner\">\n\t\t\t\t<div class=\"elementor-element elementor-element-f6ae24b elementor-widget elementor-widget-image-box\" data-id=\"f6ae24b\" data-element_type=\"widget\" data-e-type=\"widget\" data-widget_type=\"image-box.default\">\n\t\t\t\t<div class=\"elementor-widget-container\">\n\t\t\t\t\t<div class=\"elementor-image-box-wrapper\"><div class=\"elementor-image-box-content\"><h1 class=\"elementor-image-box-title\">Contact<\/h1><\/div><\/div>\t\t\t\t<\/div>\n\t\t\t\t<\/div>\n\t\t\t\t\t<\/div>\n\t\t\t\t<\/div>\n\t\t<div class=\"elementor-element elementor-element-1405285 e-flex e-con-boxed e-con e-parent\" data-id=\"1405285\" data-element_type=\"container\" data-e-type=\"container\">\n\t\t\t\t\t<div class=\"e-con-inner\">\n\t\t\t\t<div class=\"elementor-element elementor-element-cdf16af elementor-widget elementor-widget-text-editor\" data-id=\"cdf16af\" data-element_type=\"widget\" data-e-type=\"widget\" data-widget_type=\"text-editor.default\">\n\t\t\t\t<div class=\"elementor-widget-container\">\n\t\t\t\t\t\t\t\t\t<p style=\"text-align: center;\"><span style=\"color: #ffffff;\">\ud83d\udce9 Contactez-nous<\/span><\/p><p style=\"text-align: center;\"><span style=\"color: #ffffff;\">Une question, une collaboration ou un projet \u00e0 partager ?<\/span><br \/><span style=\"color: #ffffff;\">L\u2019\u00e9quipe G\u00e9o Data Base 84 est \u00e0 votre \u00e9coute pour vous accompagner dans vos besoins en g\u00e9osciences, BTP, innovation, gestion des risques et am\u00e9nagement durable.<\/span><\/p><p style=\"text-align: center;\"><span style=\"color: #ffffff;\">Remplissez le formulaire ci-dessous ou \u00e9crivez-nous directement \u2014 nous serons ravis d\u2019\u00e9changer avec vous.<\/span><\/p>\t\t\t\t\t\t\t\t<\/div>\n\t\t\t\t<\/div>\n\t\t\t\t\t<\/div>\n\t\t\t\t<\/div>\n\t\t\t\t<section class=\"elementor-section elementor-top-section elementor-element elementor-element-b58a317 elementor-section-full_width elementor-section-height-default elementor-section-height-default\" data-id=\"b58a317\" data-element_type=\"section\" data-e-type=\"section\">\n\t\t\t\t\t\t<div class=\"elementor-container elementor-column-gap-no\">\n\t\t\t\t\t<div class=\"elementor-column elementor-col-100 elementor-top-column elementor-element elementor-element-51c53bd6\" data-id=\"51c53bd6\" data-element_type=\"column\" data-e-type=\"column\">\n\t\t\t<div class=\"elementor-widget-wrap elementor-element-populated\">\n\t\t\t\t\t\t<section class=\"elementor-section elementor-inner-section elementor-element elementor-element-5b3551af elementor-section-full_width elementor-section-height-default elementor-section-height-default\" data-id=\"5b3551af\" data-element_type=\"section\" data-e-type=\"section\">\n\t\t\t\t\t\t<div class=\"elementor-container elementor-column-gap-no\">\n\t\t\t\t\t<div class=\"elementor-column elementor-col-50 elementor-inner-column elementor-element elementor-element-1f59e9d8\" data-id=\"1f59e9d8\" data-element_type=\"column\" data-e-type=\"column\">\n\t\t\t<div class=\"elementor-widget-wrap elementor-element-populated\">\n\t\t\t\t\t\t<div class=\"elementor-element elementor-element-6d786835 elementor-widget elementor-widget-image-box\" data-id=\"6d786835\" data-element_type=\"widget\" data-e-type=\"widget\" data-widget_type=\"image-box.default\">\n\t\t\t\t<div class=\"elementor-widget-container\">\n\t\t\t\t\t<div class=\"elementor-image-box-wrapper\"><div class=\"elementor-image-box-content\"><h6 class=\"elementor-image-box-title\"><a href=\"#\">Contactez Nous<\/a><\/h6><p class=\"elementor-image-box-description\">\ud83d\udce9 Contactez-nous\n\n\n<\/p><\/div><\/div>\t\t\t\t<\/div>\n\t\t\t\t<\/div>\n\t\t\t\t<div class=\"elementor-element elementor-element-7a56f37 elementor-icon-list--layout-traditional elementor-list-item-link-full_width elementor-widget elementor-widget-icon-list\" data-id=\"7a56f37\" data-element_type=\"widget\" data-e-type=\"widget\" data-widget_type=\"icon-list.default\">\n\t\t\t\t<div class=\"elementor-widget-container\">\n\t\t\t\t\t\t\t<ul class=\"elementor-icon-list-items\">\n\t\t\t\t\t\t\t<li class=\"elementor-icon-list-item\">\n\t\t\t\t\t\t\t\t\t\t\t<a href=\"tel:+213%20778%2098%2044%2047\">\n\n\t\t\t\t\t\t\t\t\t\t\t\t<span class=\"elementor-icon-list-icon\">\n\t\t\t\t\t\t\t<svg aria-hidden=\"true\" class=\"e-font-icon-svg e-fas-phone-alt\" viewBox=\"0 0 512 512\" xmlns=\"http:\/\/www.w3.org\/2000\/svg\"><path d=\"M497.39 361.8l-112-48a24 24 0 0 0-28 6.9l-49.6 60.6A370.66 370.66 0 0 1 130.6 204.11l60.6-49.6a23.94 23.94 0 0 0 6.9-28l-48-112A24.16 24.16 0 0 0 122.6.61l-104 24A24 24 0 0 0 0 48c0 256.5 207.9 464 464 464a24 24 0 0 0 23.4-18.6l24-104a24.29 24.29 0 0 0-14.01-27.6z\"><\/path><\/svg>\t\t\t\t\t\t<\/span>\n\t\t\t\t\t\t\t\t\t\t<span class=\"elementor-icon-list-text\">+213 798 740 860<\/span>\n\t\t\t\t\t\t\t\t\t\t\t<\/a>\n\t\t\t\t\t\t\t\t\t<\/li>\n\t\t\t\t\t\t\t\t<li class=\"elementor-icon-list-item\">\n\t\t\t\t\t\t\t\t\t\t\t<a href=\"mailto:geodatabase84@gmail.com\">\n\n\t\t\t\t\t\t\t\t\t\t\t\t<span class=\"elementor-icon-list-icon\">\n\t\t\t\t\t\t\t<svg aria-hidden=\"true\" class=\"e-font-icon-svg e-fas-envelope\" viewBox=\"0 0 512 512\" xmlns=\"http:\/\/www.w3.org\/2000\/svg\"><path d=\"M502.3 190.8c3.9-3.1 9.7-.2 9.7 4.7V400c0 26.5-21.5 48-48 48H48c-26.5 0-48-21.5-48-48V195.6c0-5 5.7-7.8 9.7-4.7 22.4 17.4 52.1 39.5 154.1 113.6 21.1 15.4 56.7 47.8 92.2 47.6 35.7.3 72-32.8 92.3-47.6 102-74.1 131.6-96.3 154-113.7zM256 320c23.2.4 56.6-29.2 73.4-41.4 132.7-96.3 142.8-104.7 173.4-128.7 5.8-4.5 9.2-11.5 9.2-18.9v-19c0-26.5-21.5-48-48-48H48C21.5 64 0 85.5 0 112v19c0 7.4 3.4 14.3 9.2 18.9 30.6 23.9 40.7 32.4 173.4 128.7 16.8 12.2 50.2 41.8 73.4 41.4z\"><\/path><\/svg>\t\t\t\t\t\t<\/span>\n\t\t\t\t\t\t\t\t\t\t<span class=\"elementor-icon-list-text\">geodatabase84@gmail.com<\/span>\n\t\t\t\t\t\t\t\t\t\t\t<\/a>\n\t\t\t\t\t\t\t\t\t<\/li>\n\t\t\t\t\t\t\t\t<li class=\"elementor-icon-list-item\">\n\t\t\t\t\t\t\t\t\t\t\t<a href=\"tel:0778984447\">\n\n\t\t\t\t\t\t\t\t\t\t\t\t<span class=\"elementor-icon-list-icon\">\n\t\t\t\t\t\t\t<svg aria-hidden=\"true\" class=\"e-font-icon-svg e-fab-telegram\" viewBox=\"0 0 496 512\" xmlns=\"http:\/\/www.w3.org\/2000\/svg\"><path d=\"M248 8C111 8 0 119 0 256s111 248 248 248 248-111 248-248S385 8 248 8zm121.8 169.9l-40.7 191.8c-3 13.6-11.1 16.9-22.4 10.5l-62-45.7-29.9 28.8c-3.3 3.3-6.1 6.1-12.5 6.1l4.4-63.1 114.9-103.8c5-4.4-1.1-6.9-7.7-2.5l-142 89.4-61.2-19.1c-13.3-4.2-13.6-13.3 2.8-19.7l239.1-92.2c11.1-4 20.8 2.7 17.2 19.5z\"><\/path><\/svg>\t\t\t\t\t\t<\/span>\n\t\t\t\t\t\t\t\t\t\t<span class=\"elementor-icon-list-text\">Telegram<\/span>\n\t\t\t\t\t\t\t\t\t\t\t<\/a>\n\t\t\t\t\t\t\t\t\t<\/li>\n\t\t\t\t\t\t\t\t<li class=\"elementor-icon-list-item\">\n\t\t\t\t\t\t\t\t\t\t\t<a href=\"tel:0798740860\">\n\n\t\t\t\t\t\t\t\t\t\t\t\t<span class=\"elementor-icon-list-icon\">\n\t\t\t\t\t\t\t<svg aria-hidden=\"true\" class=\"e-font-icon-svg e-fab-viber\" viewBox=\"0 0 512 512\" xmlns=\"http:\/\/www.w3.org\/2000\/svg\"><path d=\"M444 49.9C431.3 38.2 379.9.9 265.3.4c0 0-135.1-8.1-200.9 52.3C27.8 89.3 14.9 143 13.5 209.5c-1.4 66.5-3.1 191.1 117 224.9h.1l-.1 51.6s-.8 20.9 13 25.1c16.6 5.2 26.4-10.7 42.3-27.8 8.7-9.4 20.7-23.2 29.8-33.7 82.2 6.9 145.3-8.9 152.5-11.2 16.6-5.4 110.5-17.4 125.7-142 15.8-128.6-7.6-209.8-49.8-246.5zM457.9 287c-12.9 104-89 110.6-103 115.1-6 1.9-61.5 15.7-131.2 11.2 0 0-52 62.7-68.2 79-5.3 5.3-11.1 4.8-11-5.7 0-6.9.4-85.7.4-85.7-.1 0-.1 0 0 0-101.8-28.2-95.8-134.3-94.7-189.8 1.1-55.5 11.6-101 42.6-131.6 55.7-50.5 170.4-43 170.4-43 96.9.4 143.3 29.6 154.1 39.4 35.7 30.6 53.9 103.8 40.6 211.1zm-139-80.8c.4 8.6-12.5 9.2-12.9.6-1.1-22-11.4-32.7-32.6-33.9-8.6-.5-7.8-13.4.7-12.9 27.9 1.5 43.4 17.5 44.8 46.2zm20.3 11.3c1-42.4-25.5-75.6-75.8-79.3-8.5-.6-7.6-13.5.9-12.9 58 4.2 88.9 44.1 87.8 92.5-.1 8.6-13.1 8.2-12.9-.3zm47 13.4c.1 8.6-12.9 8.7-12.9.1-.6-81.5-54.9-125.9-120.8-126.4-8.5-.1-8.5-12.9 0-12.9 73.7.5 133 51.4 133.7 139.2zM374.9 329v.2c-10.8 19-31 40-51.8 33.3l-.2-.3c-21.1-5.9-70.8-31.5-102.2-56.5-16.2-12.8-31-27.9-42.4-42.4-10.3-12.9-20.7-28.2-30.8-46.6-21.3-38.5-26-55.7-26-55.7-6.7-20.8 14.2-41 33.3-51.8h.2c9.2-4.8 18-3.2 23.9 3.9 0 0 12.4 14.8 17.7 22.1 5 6.8 11.7 17.7 15.2 23.8 6.1 10.9 2.3 22-3.7 26.6l-12 9.6c-6.1 4.9-5.3 14-5.3 14s17.8 67.3 84.3 84.3c0 0 9.1.8 14-5.3l9.6-12c4.6-6 15.7-9.8 26.6-3.7 14.7 8.3 33.4 21.2 45.8 32.9 7 5.7 8.6 14.4 3.8 23.6z\"><\/path><\/svg>\t\t\t\t\t\t<\/span>\n\t\t\t\t\t\t\t\t\t\t<span class=\"elementor-icon-list-text\">Viber<\/span>\n\t\t\t\t\t\t\t\t\t\t\t<\/a>\n\t\t\t\t\t\t\t\t\t<\/li>\n\t\t\t\t\t\t<\/ul>\n\t\t\t\t\t\t<\/div>\n\t\t\t\t<\/div>\n\t\t\t\t\t<\/div>\n\t\t<\/div>\n\t\t\t\t<div class=\"elementor-column elementor-col-50 elementor-inner-column elementor-element elementor-element-d5ee876\" data-id=\"d5ee876\" data-element_type=\"column\" data-e-type=\"column\">\n\t\t\t<div class=\"elementor-widget-wrap\">\n\t\t\t\t\t\t\t<\/div>\n\t\t<\/div>\n\t\t\t\t\t<\/div>\n\t\t<\/section>\n\t\t\t\t\t<\/div>\n\t\t<\/div>\n\t\t\t\t\t<\/div>\n\t\t<\/section>\n\t\t\t\t<\/div>\n\t\t","protected":false},"excerpt":{"rendered":"<p>Contact \ud83d\udce9 Contactez-nous Une question, une collaboration ou un projet \u00e0 partager ?L\u2019\u00e9quipe G\u00e9o Data Base 84 est \u00e0 votre \u00e9coute pour vous accompagner dans vos besoins en g\u00e9osciences, BTP, innovation, gestion des risques et am\u00e9nagement durable. Remplissez le formulaire ci-dessous ou \u00e9crivez-nous directement \u2014 nous serons ravis d\u2019\u00e9changer avec vous. Contactez Nous \ud83d\udce9 Contactez-nous [&hellip;]<\/p>\n","protected":false},"author":1,"featured_media":0,"parent":0,"menu_order":0,"comment_status":"closed","ping_status":"closed","template":"","meta":{"site-sidebar-layout":"no-sidebar","site-content-layout":"page-builder","ast-site-content-layout":"default","site-content-style":"default","site-sidebar-style":"default","ast-global-header-display":"","ast-banner-title-visibility":"","ast-main-header-display":"","ast-hfb-above-header-display":"","ast-hfb-below-header-display":"","ast-hfb-mobile-header-display":"","site-post-title":"disabled","ast-breadcrumbs-content":"","ast-featured-img":"disabled","footer-sml-layout":"","ast-disable-related-posts":"","theme-transparent-header-meta":"enabled","adv-header-id-meta":"","stick-header-meta":"","header-above-stick-meta":"","header-main-stick-meta":"","header-below-stick-meta":"","astra-migrate-meta-layouts":"default","ast-page-background-enabled":"default","ast-page-background-meta":{"desktop":{"background-color":"var(--ast-global-color-4)","background-image":"","background-repeat":"repeat","background-position":"center center","background-size":"auto","background-attachment":"scroll","background-type":"","background-media":"","overlay-type":"","overlay-color":"","overlay-opacity":"","overlay-gradient":""},"tablet":{"background-color":"","background-image":"","background-repeat":"repeat","background-position":"center center","background-size":"auto","background-attachment":"scroll","background-type":"","background-media":"","overlay-type":"","overlay-color":"","overlay-opacity":"","overlay-gradient":""},"mobile":{"background-color":"","background-image":"","background-repeat":"repeat","background-position":"center center","background-size":"auto","background-attachment":"scroll","background-type":"","background-media":"","overlay-type":"","overlay-color":"","overlay-opacity":"","overlay-gradient":""}},"ast-content-background-meta":{"desktop":{"background-color":"var(--ast-global-color-5)","background-image":"","background-repeat":"repeat","background-position":"center center","background-size":"auto","background-attachment":"scroll","background-type":"","background-media":"","overlay-type":"","overlay-color":"","overlay-opacity":"","overlay-gradient":""},"tablet":{"background-color":"var(--ast-global-color-5)","background-image":"","background-repeat":"repeat","background-position":"center center","background-size":"auto","background-attachment":"scroll","background-type":"","background-media":"","overlay-type":"","overlay-color":"","overlay-opacity":"","overlay-gradient":""},"mobile":{"background-color":"var(--ast-global-color-5)","background-image":"","background-repeat":"repeat","background-position":"center center","background-size":"auto","background-attachment":"scroll","background-type":"","background-media":"","overlay-type":"","overlay-color":"","overlay-opacity":"","overlay-gradient":""}},"footnotes":""},"class_list":["post-15","page","type-page","status-publish","hentry"],"_links":{"self":[{"href":"https:\/\/digitalsecurity-dz.com\/geodata\/wp-json\/wp\/v2\/pages\/15","targetHints":{"allow":["GET"]}}],"collection":[{"href":"https:\/\/digitalsecurity-dz.com\/geodata\/wp-json\/wp\/v2\/pages"}],"about":[{"href":"https:\/\/digitalsecurity-dz.com\/geodata\/wp-json\/wp\/v2\/types\/page"}],"author":[{"embeddable":true,"href":"https:\/\/digitalsecurity-dz.com\/geodata\/wp-json\/wp\/v2\/users\/1"}],"replies":[{"embeddable":true,"href":"https:\/\/digitalsecurity-dz.com\/geodata\/wp-json\/wp\/v2\/comments?post=15"}],"version-history":[{"count":30,"href":"https:\/\/digitalsecurity-dz.com\/geodata\/wp-json\/wp\/v2\/pages\/15\/revisions"}],"predecessor-version":[{"id":1615,"href":"https:\/\/digitalsecurity-dz.com\/geodata\/wp-json\/wp\/v2\/pages\/15\/revisions\/1615"}],"wp:attachment":[{"href":"https:\/\/digitalsecurity-dz.com\/geodata\/wp-json\/wp\/v2\/media?parent=15"}],"curies":[{"name":"wp","href":"https:\/\/api.w.org\/{rel}","templated":true}]}}